{"id":34,"date":"2016-12-14T09:24:44","date_gmt":"2016-12-14T09:24:44","guid":{"rendered":"http:\/\/localhost\/borrow\/?page_id=34"},"modified":"2025-08-25T22:29:58","modified_gmt":"2025-08-25T20:29:58","slug":"home","status":"publish","type":"page","link":"https:\/\/pewnefinanse.joton.dev\/","title":{"rendered":"Home"},"content":{"rendered":"<div class=\"wpb-content-wrapper\"><p>[vc_row css=&#8221;.vc_custom_1752595379073{padding-top: 150px !important;padding-right: 80px !important;padding-bottom: 80px !important;padding-left: 80px !important;background: #FF6633 url(https:\/\/pewnefinanse.joton.dev\/wp-content\/uploads\/2025\/07\/21-copy-2-scaled.jpg?id=2148) !important;background-position: center !important;background-repeat: no-repeat !important;background-size: cover !important;}&#8221;][vc_column parallax=&#8221;content-moving-fade&#8221; width=&#8221;2\/3&#8243; bgcolor=&#8221;#FF663300&#8243; offset=&#8221;vc_col-lg-offset-2 vc_col-md-offset-2 vc_col-sm-offset-2 vc_col-xs-offset-1&#8243; css=&#8221;.vc_custom_1752595821657{margin-bottom: 60px !important;background-position: 0 0 !important;background-repeat: repeat !important;}&#8221;]\t\n\t<h1 class=\"vc_custom_1752595416086\" style=\"font-size: 35px;text-align: center;color: #FFFFFF;\" > Chcesz wybrac najlepsze finansowanie, ale brakuje Ci czasu na wizyty w bankach?<\/p>\n<p>Zaufaj nam, a znajdziemy idealne rozwiazanie dla Ciebie!<\/h1>\t\n\n<div class=\"row\">\n        \n        <div class=\"col-lg-4 col-md-4 col-sm-4 col-xs-12\">\n          <div class=\"service-block-v3\">\n              <div class=\"icon mb30\">\n                  <a href=\"https:\/\/pewnefinanse.joton.dev\/index.php\/loan\/personal-loan\/\">\n                                                                              \n                                                      <img decoding=\"async\" src=\"https:\/\/pewnefinanse.joton.dev\/wp-content\/uploads\/2025\/06\/Logo-PF-wersja-uproszczona-sygnet.svg\" class=\"icon-svg-2x\" alt=\"\">\n                                          \n                                                            <\/a>\n              <\/div>\n              <div class=\"service-content\">\n                  <h2 class=\"service-title\"><a href=\"https:\/\/pewnefinanse.joton.dev\/index.php\/loan\/personal-loan\/\" class=\"title\">Kredyt Hipoteczny<\/a><\/h2>\n              <\/div>\n              <div class=\"service-rate-block\">\n                                              <\/div>\n              <a href=\"https:\/\/pewnefinanse.joton.dev\/index.php\/loan\/personal-loan\/\" class=\"btn btn-secondary btn-block\">Aplikuj Teraz<\/a>\n          <\/div>\n        <\/div>\n        \n        <div class=\"col-lg-4 col-md-4 col-sm-4 col-xs-12\">\n          <div class=\"service-block-v3\">\n              <div class=\"icon mb30\">\n                  <a href=\"https:\/\/pewnefinanse.joton.dev\/index.php\/loan\/home-loan\/\">\n                                                                              \n                                                      <img decoding=\"async\" src=\"https:\/\/pewnefinanse.joton.dev\/wp-content\/uploads\/2025\/06\/Logo-PF-wersja-uproszczona-monochromatyczna.svg\" class=\"icon-svg-2x\" alt=\"\">\n                                          \n                                                            <\/a>\n              <\/div>\n              <div class=\"service-content\">\n                  <h2 class=\"service-title\"><a href=\"https:\/\/pewnefinanse.joton.dev\/index.php\/loan\/home-loan\/\" class=\"title\">Kredyt Got\u00f3wkowy<\/a><\/h2>\n              <\/div>\n              <div class=\"service-rate-block\">\n                                              <\/div>\n              <a href=\"https:\/\/pewnefinanse.joton.dev\/index.php\/loan\/home-loan\/\" class=\"btn btn-secondary btn-block\">Aplikuj Teraz<\/a>\n          <\/div>\n        <\/div>\n        \n        <div class=\"col-lg-4 col-md-4 col-sm-4 col-xs-12\">\n          <div class=\"service-block-v3\">\n              <div class=\"icon mb30\">\n                  <a href=\"https:\/\/pewnefinanse.joton.dev\/index.php\/loan\/education-loan\/\">\n                                                                              \n                                                      <img decoding=\"async\" src=\"https:\/\/pewnefinanse.joton.dev\/wp-content\/uploads\/2025\/06\/Logo-PF-wersja-uproszczona-sygnet-1.svg\" class=\"icon-svg-2x\" alt=\"\">\n                                          \n                                                            <\/a>\n              <\/div>\n              <div class=\"service-content\">\n                  <h2 class=\"service-title\"><a href=\"https:\/\/pewnefinanse.joton.dev\/index.php\/loan\/education-loan\/\" class=\"title\">Dotacje Unijne<\/a><\/h2>\n              <\/div>\n              <div class=\"service-rate-block\">\n                                              <\/div>\n              <a href=\"https:\/\/pewnefinanse.joton.dev\/index.php\/loan\/education-loan\/\" class=\"btn btn-secondary btn-block\">Aplikuj Teraz<\/a>\n          <\/div>\n        <\/div>\n      <\/div>  \n\n[\/vc_column][\/vc_row][vc_row css=&#8221;.vc_custom_1749730477886{padding-top: 80px !important;padding-bottom: 80px !important;background-color: #FF6633 !important;}&#8221;][vc_column width=&#8221;2\/3&#8243; offset=&#8221;vc_col-lg-offset-2 vc_col-md-offset-2 vc_col-sm-offset-2&#8243; css=&#8221;.vc_custom_1482995990509{margin-bottom: 60px !important;}&#8221;]\t\n\t<h1 class=\"\" style=\"text-align: center;color: #1B422E;\" > Co Nas wyr\u00f3\u017cnia ?<\/h1>\t\n[\/vc_column][vc_column el_class=&#8221;bg-boxshadow&#8221;][vc_row_inner][vc_column_inner width=&#8221;1\/3&#8243; css=&#8221;.vc_custom_1481785834446{padding-right: 0px !important;padding-left: 0px !important;}&#8221;]  <div class=\"bg-white pinside60 number-block outline\">\n    <div class=\"mb20\"><i class=\"icon-command  icon-4x icon-primary\"><\/i><\/div>\n    <h3>Poufno\u015b\u0107 i bezpiecze\u0144stwo<\/h3>    <p>Tutaj jaki\u015b tekt o poufno\u015bci i bezpiecze\u0144twie<\/p>\n    <a class=\"btn btn-outline mt20\" href=\"https:\/\/pewnefinanse.joton.dev\/index.php\/teams\/\" title=\"Poznaj nasz team\" target=\"_self\">Poznaj nasz team<\/a>  <\/div>\n[\/vc_column_inner][vc_column_inner width=&#8221;1\/3&#8243; css=&#8221;.vc_custom_1481785842798{padding-right: 0px !important;padding-left: 0px !important;}&#8221;]  <div class=\"bg-white pinside60 number-block outline\">\n    <div class=\"mb20\"><i class=\"icon-cup  icon-4x icon-primary\"><\/i><\/div>\n    <h3>Elastycznosc<\/h3>    <p>Dostosujemy si\u0119 do Ciebie online oraz stacjonarnie<\/p>\n    <a class=\"btn btn-outline mt20\" href=\"https:\/\/pewnefinanse.joton.dev\/index.php\/contact-us\/\" title=\"Napisz do nas\" target=\"_self\">Napisz do nas<\/a>  <\/div>\n[\/vc_column_inner][vc_column_inner width=&#8221;1\/3&#8243; css=&#8221;.vc_custom_1481785851302{padding-right: 0px !important;padding-left: 0px !important;}&#8221;]  <div class=\"bg-white pinside60 number-block outline\">\n    <div class=\"mb20\"><i class=\"icon-calculator  icon-4x icon-primary\"><\/i><\/div>\n    <h3>Bezp\u0142atna konsultacja<\/h3>    <p>Nie placisz dodatkowej op\u0142aty przy wzieciu kredytu<\/p>\n    <a class=\"btn btn-outline mt20\" href=\"https:\/\/pewnefinanse.joton.dev\/index.php\/about-us\/\" title=\"Dlaczego my ?\" target=\"_self\">Dlaczego my ?<\/a>  <\/div>\n[\/vc_column_inner][\/vc_row_inner][\/vc_column][\/vc_row][vc_row full_height=&#8221;yes&#8221; columns_placement=&#8221;stretch&#8221; equal_height=&#8221;yes&#8221; css=&#8221;.vc_custom_1756136423569{padding-top: 80px !important;padding-bottom: 80px !important;background-color: #FF6633 !important;}&#8221;][vc_column width=&#8221;2\/3&#8243; offset=&#8221;vc_col-lg-offset-2 vc_col-md-offset-2 vc_col-sm-offset-2&#8243; css=&#8221;.vc_custom_1482995990509{margin-bottom: 60px !important;}&#8221;]\t\n\t<h1 class=\"\" style=\"text-align: center;color: #1B422E;\" > Jak przygotowa\u0107 si\u0119 do spotkania z nami ?<\/h1>\t\n[\/vc_column][vc_column][vc_row_inner equal_height=&#8221;yes&#8221;][vc_column_inner width=&#8221;1\/3&#8243; css=&#8221;.vc_custom_1481785834446{padding-right: 0px !important;padding-left: 0px !important;}&#8221;]  <div class=\"bg-white pinside40 number-block outline mb60 bg-boxshadow\">\n      <div class=\"circle\"><span class=\"number\">1<\/span><\/div>      <h3 class=\"number-title\">Zbierz swoje dokumenty finansowe<\/h3>      <p><\/p>\n<ul>\n<li>\n<p style=\"text-align: left;\">dow\u00f3d osobisty<\/p>\n<\/li>\n<li style=\"text-align: left;\">za\u015bwiadczenie o dochodach <span style=\"color: #999999; font-size: 13px;\"><em>(np. z pracy, umowy cywilnoprawne, dzia\u0142alno\u015b\u0107 gospodarcza)<\/em><\/span><\/li>\n<li style=\"text-align: left;\">wyci\u0105gi z konta bankowego &nbsp; <span style=\"color: #999999; font-size: 13px;\">(z ostatnich 3\u20136-12 miesi\u0119cy)<\/span><\/li>\n<li style=\"text-align: left;\">informacje o innych zobowi\u0105zaniach <span style=\"color: #999999; font-size: 13px;\">(kredyty, leasingi, alimenty, karty kredytowe)<\/span><\/li>\n<li style=\"text-align: left;\">ewentualne umowy najmu, PIT za ostatni rok <span style=\"color: #999999; font-size: 13px;\">(dla os\u00f3b prowadz\u0105cych dzia\u0142alno\u015b\u0107)<\/span><\/li>\n<\/ul>\n<p><\/p>  <\/div>\n  [\/vc_column_inner][vc_column_inner width=&#8221;1\/3&#8243; css=&#8221;.vc_custom_1756121042267{padding-right: 0px !important;padding-left: 0px !important;}&#8221;]  <div class=\"bg-white pinside40 number-block outline mb60 bg-boxshadow\">\n      <div class=\"circle\"><span class=\"number\">2<\/span><\/div>      <h3 class=\"number-title\">Okre\u015bl swoje potrzeby kredytowe<\/h3>      <p><\/p>\n<ul>\n<li style=\"text-align: left;\">jakiej kwoty kredytu potrzebujesz<\/li>\n<li style=\"text-align: left;\">na jaki cel <span style=\"color: #999999; font-size: 13px;\">(np. mieszkanie, budowa domu, konsolidacja d\u0142ug\u00f3w)<\/span><\/li>\n<li style=\"text-align: left;\">na jak d\u0142ugo chcesz zaci\u0105gn\u0105\u0107 kredyt<\/li>\n<li style=\"text-align: left;\">jaka rata miesi\u0119czna b\u0119dzie dla Ciebie akceptowalna<\/li>\n<\/ul>\n<p><\/p>  <\/div>\n  [\/vc_column_inner][vc_column_inner width=&#8221;1\/3&#8243; css=&#8221;.vc_custom_1756121378114{padding-right: 0px !important;padding-left: 0px !important;}&#8221;]  <div class=\"bg-white pinside40 number-block outline mb60 bg-boxshadow\">\n      <div class=\"circle\"><span class=\"number\">3<\/span><\/div>      <h3 class=\"number-title\">Przygotuj si\u0119 na weryfikacj\u0119 zdolno\u015bci<\/h3>      <p><\/p>\n<ul>\n<li>\u017ar\u00f3d\u0142o i stabilno\u015b\u0107 dochod\u00f3w<\/li>\n<li style=\"text-align: left;\">sta\u0142e wydatki<\/li>\n<li style=\"text-align: left;\">&nbsp;sytuacja rodzinna <span style=\"color: #999999; font-size: 13px;\">(np. liczba os\u00f3b na utrzymaniu)<\/span><\/li>\n<li style=\"text-align: left;\">&nbsp;historia kredytowa<\/li>\n<li style=\"list-style-type: none;\"><\/li>\n<\/ul>\n<p><\/p>  <\/div>\n  [\/vc_column_inner][\/vc_row_inner][\/vc_column][\/vc_row][vc_row full_height=&#8221;yes&#8221; css_animation=&#8221;none&#8221; css=&#8221;.vc_custom_1756127447659{padding-top: 10px !important;padding-bottom: 80px !important;background-color: #FF6633 !important;}&#8221;][vc_column]    <div class=\"process-3 mb-5 mb-lg-0\">\n        <h1>Przyk\u0142adowe pytania do eksperta:<\/h1>    <ul>\n<li style=\"text-align: left;\">Jakie s\u0105 dost\u0119pne oferty kredytowe i r\u00f3\u017cnice mi\u0119dzy nimi?<\/li>\n<li style=\"text-align: left;\">Jakie s\u0105 koszty dodatkowe (ubezpieczenia, prowizje)?<\/li>\n<li style=\"text-align: left;\">Czy istnieje mo\u017cliwo\u015b\u0107 wcze\u015bniejszej sp\u0142aty bez op\u0142at?<\/li>\n<li style=\"text-align: left;\">Jakie s\u0105 wymagania bank\u00f3w co do wk\u0142adu w\u0142asnego?<\/li>\n<\/ul>\n      <\/div>\n  \n[\/vc_column][\/vc_row][vc_row css=&#8221;.vc_custom_1481776272392{padding-top: 40px !important;padding-bottom: 40px !important;background-color: #ffffff !important;}&#8221;][vc_column]  <div class=\"row\">\n                     \n        <div class=\"col-md-4 col-sm-4 col-xs-6 col-6 mb-3\"><img decoding=\"async\" src=\"\" alt=\"\" class=\"img-responsive\"><\/div>\n            <\/div>\n[\/vc_column][\/vc_row][vc_row css=&#8221;.vc_custom_1756152342427{padding-top: 80px !important;padding-bottom: 80px !important;background: #FF6633 url(https:\/\/pewnefinanse.joton.dev\/wp-content\/uploads\/2025\/06\/3096.jpg?id=1941) !important;border-color: #8B474700 !important;}&#8221;][vc_column width=&#8221;2\/3&#8243; css=&#8221;.vc_custom_1482996014717{margin-bottom: 60px !important;}&#8221; offset=&#8221;vc_col-lg-offset-2 vc_col-md-offset-2 vc_col-sm-offset-2&#8243;]\t\n\t<h1 class=\"vc_custom_1756153789261\" style=\"text-align: center;color: #000000;\" > Jeste\u015bmy tu aby Ci pom\u00f3c<\/h1>\t\n[vc_column_text css=&#8221;.vc_custom_1756153781296{margin-bottom: 0px !important;}&#8221;]<\/p>\n<p style=\"text-align: center;\"><span style=\"color: #000000;\">Nasz\u0105 misj\u0105 jest dostarczanie rzetelnych i najnowszych wiadomo\u015bci i opinii.<\/span><\/p>\n<p>[\/vc_column_text][\/vc_column][vc_column width=&#8221;1\/3&#8243;]  <div class=\"bg-white bg-boxshadow pinside40 outline text-center mb30\">\n    <div class=\"mb40\"><i class=\"icon-calendar-3  icon-2x icon-default\"><\/i><\/div>\n    <h2 class=\"capital-title\">Aplikuj o kredyt<\/h2>        <p>Chcesz kupi\u0107 samoch\u00f3d lub wzi\u0105\u0107 kredyt hipoteczny? Z\u0142\u00f3\u017c wniosek o po\u017cyczk\u0119 ju\u017c teraz.<\/p>\n    <a class=\"btn-link\" href=\"http:\/\/demo.oceanthemes.net\/borrow\/contact-us\/\" title=\"Um\u00f3w si\u0119 na spotkanie\" target=\"_self\">Um\u00f3w si\u0119 na spotkanie<\/a>  <\/div>\n[\/vc_column][vc_column width=&#8221;1\/3&#8243;]  <div class=\"bg-white bg-boxshadow pinside40 outline text-center mb30\">\n    <div class=\"mb40\"><i class=\"icon-phone-call  icon-2x icon-default\"><\/i><\/div>\n    <h2 class=\"capital-title\">Zadzwo\u0144 do nas<\/h2>    <h1 class=\"text-big\">+48 666 666 666<\/h1>    <p>lnfo@pewnefinanse.com<\/p>\n    <a class=\"btn-link\" href=\"http:\/\/demo.oceanthemes.net\/borrow\/contact-us\/\" title=\"Kontakt\" target=\"_self\">Kontakt<\/a>  <\/div>\n[\/vc_column][vc_column width=&#8221;1\/3&#8243;]  <div class=\"bg-white bg-boxshadow pinside40 outline text-center mb30\">\n    <div class=\"mb40\"><i class=\"icon-users  icon-2x icon-default\"><\/i><\/div>\n    <h2 class=\"capital-title\">Rozmawiaj z doradc\u0105<\/h2>        <p>Potrzebujesz porady po\u017cyczkowej? Porozmawiaj z naszymi doradcami.<\/p>\n    <a class=\"btn-link\" href=\"http:\/\/demo.oceanthemes.net\/borrow\/teams\/\" title=\"Spotkaj si\u0119 z doradc\u0105\" target=\"_self\">Spotkaj si\u0119 z doradc\u0105<\/a>  <\/div>\n[\/vc_column][\/vc_row]<\/p>\n<\/div>","protected":false},"excerpt":{"rendered":"<p>[vc_row css=&#8221;.vc_custom_1752595379073{padding-top: 150px !important;padding-right: 80px !important;padding-bottom: 80px !important;padding-left: 80px !important;background: #FF6633 url(https:\/\/pewnefinanse.joton.dev\/wp-content\/uploads\/2025\/07\/21-copy-2-scaled.jpg?id=2148) !important;background-position: center !important;background-repeat: no-repeat !important;background-size: cover !important;}&#8221;][vc_column parallax=&#8221;content-moving-fade&#8221; width=&#8221;2\/3&#8243; bgcolor=&#8221;#FF663300&#8243; offset=&#8221;vc_col-lg-offset-2 vc_col-md-offset-2 vc_col-sm-offset-2 vc_col-xs-offset-1&#8243; css=&#8221;.vc_custom_1752595821657{margin-bottom: 60px !important;background-position: 0 0 !important;background-repeat: repeat !important;}&#8221;][\/vc_column][\/vc_row][vc_row css=&#8221;.vc_custom_1749730477886{padding-top: 80px !important;padding-bottom: 80px !important;background-color: #FF6633 !important;}&#8221;][vc_column width=&#8221;2\/3&#8243; offset=&#8221;vc_col-lg-offset-2 vc_col-md-offset-2 vc_col-sm-offset-2&#8243; css=&#8221;.vc_custom_1482995990509{margin-bottom: 60px !important;}&#8221;][\/vc_column][vc_column el_class=&#8221;bg-boxshadow&#8221;][vc_row_inner][vc_column_inner width=&#8221;1\/3&#8243; css=&#8221;.vc_custom_1481785834446{padding-right: 0px !important;padding-left: 0px !important;}&#8221;][\/vc_column_inner][vc_column_inner [&hellip;]<\/p>\n","protected":false},"author":1,"featured_media":0,"parent":0,"menu_order":0,"comment_status":"closed","ping_status":"closed","template":"page-templates\/template-canvas.php","meta":{"footnotes":""},"class_list":["post-34","page","type-page","status-publish","hentry"],"_links":{"self":[{"href":"https:\/\/pewnefinanse.joton.dev\/index.php\/wp-json\/wp\/v2\/pages\/34","targetHints":{"allow":["GET"]}}],"collection":[{"href":"https:\/\/pewnefinanse.joton.dev\/index.php\/wp-json\/wp\/v2\/pages"}],"about":[{"href":"https:\/\/pewnefinanse.joton.dev\/index.php\/wp-json\/wp\/v2\/types\/page"}],"author":[{"embeddable":true,"href":"https:\/\/pewnefinanse.joton.dev\/index.php\/wp-json\/wp\/v2\/users\/1"}],"replies":[{"embeddable":true,"href":"https:\/\/pewnefinanse.joton.dev\/index.php\/wp-json\/wp\/v2\/comments?post=34"}],"version-history":[{"count":124,"href":"https:\/\/pewnefinanse.joton.dev\/index.php\/wp-json\/wp\/v2\/pages\/34\/revisions"}],"predecessor-version":[{"id":2174,"href":"https:\/\/pewnefinanse.joton.dev\/index.php\/wp-json\/wp\/v2\/pages\/34\/revisions\/2174"}],"wp:attachment":[{"href":"https:\/\/pewnefinanse.joton.dev\/index.php\/wp-json\/wp\/v2\/media?parent=34"}],"curies":[{"name":"wp","href":"https:\/\/api.w.org\/{rel}","templated":true}]}}