{"id":166,"date":"2016-12-15T10:14:26","date_gmt":"2016-12-15T10:14:26","guid":{"rendered":"http:\/\/localhost\/borrow\/?page_id=166"},"modified":"2016-12-15T10:14:26","modified_gmt":"2016-12-15T10:14:26","slug":"icon-image-listing","status":"publish","type":"page","link":"https:\/\/pewnefinanse.joton.dev\/index.php\/icon-image-listing\/","title":{"rendered":"Loan Listing Image"},"content":{"rendered":"<div class=\"wpb-content-wrapper\"><p>[vc_row css=&#8221;.vc_custom_1481797096203{margin-top: -40px !important;margin-bottom: 100px !important;}&#8221;][vc_column] \n<div class=\"row isotope\">\n    \n    <div class=\"col-md-4 col-sm-6 col-xs-12 gallery-masonry\">\n      <div class=\"service-img-box mb30 text-center \">\n        <div class=\"service-img\">\n            <a href=\"https:\/\/pewnefinanse.joton.dev\/index.php\/loan\/personal-loan\/\" class=\"imghover\">\n              <img loading=\"lazy\" decoding=\"async\" width=\"358\" height=\"250\" src=\"https:\/\/pewnefinanse.joton.dev\/wp-content\/uploads\/2016\/12\/blog-img-7.jpg\" class=\"img-responsive wp-post-image\" alt=\"\" srcset=\"https:\/\/pewnefinanse.joton.dev\/wp-content\/uploads\/2016\/12\/blog-img-7.jpg 358w, https:\/\/pewnefinanse.joton.dev\/wp-content\/uploads\/2016\/12\/blog-img-7-300x209.jpg 300w\" sizes=\"auto, (max-width: 358px) 100vw, 358px\" \/>            <\/a>\n        <\/div>\n        <div class=\"service-content bg-white pinside30\">\n            <h2><a href=\"https:\/\/pewnefinanse.joton.dev\/index.php\/loan\/personal-loan\/\" class=\"title\">Kredyt Hipoteczny<\/a><\/h2>\n                          <p>Kredyt got\u00f3wkowy to kr\u00f3tkoterminowa po\u017cyczka udzielana przez bank na dowolny cel, bez konieczno\u015bci zabezpieczenia nieruchomo\u015bci\u0105. <\/p>\n                                      <a href=\"https:\/\/pewnefinanse.joton.dev\/index.php\/loan\/personal-loan\/\" class=\"btn-link\">Read More<\/a> \n                    <\/div>\n      <\/div>\n    <\/div>\n    \n    <div class=\"col-md-4 col-sm-6 col-xs-12 gallery-masonry\">\n      <div class=\"service-img-box mb30 text-center \">\n        <div class=\"service-img\">\n            <a href=\"https:\/\/pewnefinanse.joton.dev\/index.php\/loan\/home-loan\/\" class=\"imghover\">\n              <img loading=\"lazy\" decoding=\"async\" width=\"358\" height=\"250\" src=\"https:\/\/pewnefinanse.joton.dev\/wp-content\/uploads\/2016\/12\/blog-img-1-2.jpg\" class=\"img-responsive wp-post-image\" alt=\"\" srcset=\"https:\/\/pewnefinanse.joton.dev\/wp-content\/uploads\/2016\/12\/blog-img-1-2.jpg 358w, https:\/\/pewnefinanse.joton.dev\/wp-content\/uploads\/2016\/12\/blog-img-1-2-300x209.jpg 300w\" sizes=\"auto, (max-width: 358px) 100vw, 358px\" \/>            <\/a>\n        <\/div>\n        <div class=\"service-content bg-white pinside30\">\n            <h2><a href=\"https:\/\/pewnefinanse.joton.dev\/index.php\/loan\/home-loan\/\" class=\"title\">Kredyt Got\u00f3wkowy<\/a><\/h2>\n                          <p>Kredyt hipoteczny to d\u0142ugoterminowe zobowi\u0105zanie finansowe udzielane przez bank na zakup lub budow\u0119 nieruchomo\u015bci. <\/p>\n                                      <a href=\"https:\/\/pewnefinanse.joton.dev\/index.php\/loan\/home-loan\/\" class=\"btn-link\">Read More<\/a> \n                    <\/div>\n      <\/div>\n    <\/div>\n    \n    <div class=\"col-md-4 col-sm-6 col-xs-12 gallery-masonry\">\n      <div class=\"service-img-box mb30 text-center \">\n        <div class=\"service-img\">\n            <a href=\"https:\/\/pewnefinanse.joton.dev\/index.php\/loan\/education-loan\/\" class=\"imghover\">\n              <img loading=\"lazy\" decoding=\"async\" width=\"358\" height=\"250\" src=\"https:\/\/pewnefinanse.joton.dev\/wp-content\/uploads\/2016\/12\/blog-img-2-2.jpg\" class=\"img-responsive wp-post-image\" alt=\"\" srcset=\"https:\/\/pewnefinanse.joton.dev\/wp-content\/uploads\/2016\/12\/blog-img-2-2.jpg 358w, https:\/\/pewnefinanse.joton.dev\/wp-content\/uploads\/2016\/12\/blog-img-2-2-300x209.jpg 300w\" sizes=\"auto, (max-width: 358px) 100vw, 358px\" \/>            <\/a>\n        <\/div>\n        <div class=\"service-content bg-white pinside30\">\n            <h2><a href=\"https:\/\/pewnefinanse.joton.dev\/index.php\/loan\/education-loan\/\" class=\"title\">Dotacje Unijne<\/a><\/h2>\n                          <p>Kredyt firmowy to finansowanie udzielane przedsi\u0119biorstwom na rozw\u00f3j dzia\u0142alno\u015bci, zakup sprz\u0119tu, inwestycje lub bie\u017c\u0105ce potrzeby. \r\n\r\n<\/p>\n                                      <a href=\"https:\/\/pewnefinanse.joton.dev\/index.php\/loan\/education-loan\/\" class=\"btn-link\">Read More<\/a> \n                    <\/div>\n      <\/div>\n    <\/div>\n    \n    <div class=\"col-md-4 col-sm-6 col-xs-12 gallery-masonry\">\n      <div class=\"service-img-box mb30 text-center \">\n        <div class=\"service-img\">\n            <a href=\"https:\/\/pewnefinanse.joton.dev\/index.php\/loan\/business-loan\/\" class=\"imghover\">\n              <img loading=\"lazy\" decoding=\"async\" width=\"358\" height=\"250\" src=\"https:\/\/pewnefinanse.joton.dev\/wp-content\/uploads\/2016\/12\/blog-img-3-3.jpg\" class=\"img-responsive wp-post-image\" alt=\"\" srcset=\"https:\/\/pewnefinanse.joton.dev\/wp-content\/uploads\/2016\/12\/blog-img-3-3.jpg 358w, https:\/\/pewnefinanse.joton.dev\/wp-content\/uploads\/2016\/12\/blog-img-3-3-300x209.jpg 300w\" sizes=\"auto, (max-width: 358px) 100vw, 358px\" \/>            <\/a>\n        <\/div>\n        <div class=\"service-content bg-white pinside30\">\n            <h2><a href=\"https:\/\/pewnefinanse.joton.dev\/index.php\/loan\/business-loan\/\" class=\"title\">Kredyt Firmowy<\/a><\/h2>\n                          <p>Lorem ipsum dolor sit nean commodo ligula eget dolor simple dummyum sociis natoque.amet, consectetuer adipiscing elit.<\/p>\n                                      <a href=\"https:\/\/pewnefinanse.joton.dev\/index.php\/loan\/business-loan\/\" class=\"btn-link\">Read More<\/a> \n                    <\/div>\n      <\/div>\n    <\/div>\n    \n    <div class=\"col-md-4 col-sm-6 col-xs-12 gallery-masonry\">\n      <div class=\"service-img-box mb30 text-center \">\n        <div class=\"service-img\">\n            <a href=\"https:\/\/pewnefinanse.joton.dev\/index.php\/loan\/car-loan\/\" class=\"imghover\">\n                          <\/a>\n        <\/div>\n        <div class=\"service-content bg-white pinside30\">\n            <h2><a href=\"https:\/\/pewnefinanse.joton.dev\/index.php\/loan\/car-loan\/\" class=\"title\">Refinans Kredytu<\/a><\/h2>\n                          <p> ipsum dolor sit amet, consectetuer adipiscing elit. Aenean commodo ligula eget dolor. Aenean massa. Cum sociis natoque.<\/p>\n                                      <a href=\"https:\/\/pewnefinanse.joton.dev\/index.php\/loan\/car-loan\/\" class=\"btn-link\">Read More<\/a> \n                    <\/div>\n      <\/div>\n    <\/div>\n    \n    <div class=\"col-md-4 col-sm-6 col-xs-12 gallery-masonry\">\n      <div class=\"service-img-box mb30 text-center \">\n        <div class=\"service-img\">\n            <a href=\"https:\/\/pewnefinanse.joton.dev\/index.php\/loan\/debt-consolidation\/\" class=\"imghover\">\n              <img loading=\"lazy\" decoding=\"async\" width=\"358\" height=\"250\" src=\"https:\/\/pewnefinanse.joton.dev\/wp-content\/uploads\/2016\/12\/blog-img-5-2.jpg\" class=\"img-responsive wp-post-image\" alt=\"\" srcset=\"https:\/\/pewnefinanse.joton.dev\/wp-content\/uploads\/2016\/12\/blog-img-5-2.jpg 358w, https:\/\/pewnefinanse.joton.dev\/wp-content\/uploads\/2016\/12\/blog-img-5-2-300x209.jpg 300w\" sizes=\"auto, (max-width: 358px) 100vw, 358px\" \/>            <\/a>\n        <\/div>\n        <div class=\"service-content bg-white pinside30\">\n            <h2><a href=\"https:\/\/pewnefinanse.joton.dev\/index.php\/loan\/debt-consolidation\/\" class=\"title\">Kredyt Konsolidacyjny<\/a><\/h2>\n                          <p> Mauris consequat fringilla tempus Etiam egestas luctus diam vitae lorem ortaqelementum augulla facilisi. <\/p>\n                                      <a href=\"https:\/\/pewnefinanse.joton.dev\/index.php\/loan\/debt-consolidation\/\" class=\"btn-link\">Read More<\/a> \n                    <\/div>\n      <\/div>\n    <\/div>\n  <\/div> \n[\/vc_column][\/vc_row]<\/p>\n<\/div>","protected":false},"excerpt":{"rendered":"<p>[vc_row css=&#8221;.vc_custom_1481797096203{margin-top: -40px !important;margin-bottom: 100px !important;}&#8221;][vc_column][\/vc_column][\/vc_row]<\/p>\n","protected":false},"author":1,"featured_media":0,"parent":0,"menu_order":0,"comment_status":"closed","ping_status":"closed","template":"page-templates\/template-fullwidth.php","meta":{"footnotes":""},"class_list":["post-166","page","type-page","status-publish","hentry"],"_links":{"self":[{"href":"https:\/\/pewnefinanse.joton.dev\/index.php\/wp-json\/wp\/v2\/pages\/166","targetHints":{"allow":["GET"]}}],"collection":[{"href":"https:\/\/pewnefinanse.joton.dev\/index.php\/wp-json\/wp\/v2\/pages"}],"about":[{"href":"https:\/\/pewnefinanse.joton.dev\/index.php\/wp-json\/wp\/v2\/types\/page"}],"author":[{"embeddable":true,"href":"https:\/\/pewnefinanse.joton.dev\/index.php\/wp-json\/wp\/v2\/users\/1"}],"replies":[{"embeddable":true,"href":"https:\/\/pewnefinanse.joton.dev\/index.php\/wp-json\/wp\/v2\/comments?post=166"}],"version-history":[{"count":0,"href":"https:\/\/pewnefinanse.joton.dev\/index.php\/wp-json\/wp\/v2\/pages\/166\/revisions"}],"wp:attachment":[{"href":"https:\/\/pewnefinanse.joton.dev\/index.php\/wp-json\/wp\/v2\/media?parent=166"}],"curies":[{"name":"wp","href":"https:\/\/api.w.org\/{rel}","templated":true}]}}